{"id":402,"date":"2025-10-09T23:21:30","date_gmt":"2025-10-09T23:21:30","guid":{"rendered":"https:\/\/mobile.techcubewebs.org\/?page_id=402"},"modified":"2026-04-07T21:03:46","modified_gmt":"2026-04-07T21:03:46","slug":"datenschutz","status":"publish","type":"page","link":"https:\/\/rettedeinedaten.de\/en\/datenschutz\/","title":{"rendered":"Datenschutz"},"content":{"rendered":"<div data-elementor-type=\"wp-page\" data-elementor-id=\"402\" class=\"elementor elementor-402\" data-elementor-post-type=\"page\">\n\t\t\t\t<div class=\"elementor-element elementor-element-7d498e8 e-flex e-con-boxed e-con e-parent\" data-id=\"7d498e8\" data-element_type=\"container\" data-e-type=\"container\" data-settings=\"{&quot;background_background&quot;:&quot;classic&quot;}\">\n\t\t\t\t\t<div class=\"e-con-inner\">\n\t\t\t\t<div class=\"elementor-element elementor-element-04c675b elementor-widget elementor-widget-heading\" data-id=\"04c675b\" data-element_type=\"widget\" data-e-type=\"widget\" data-widget_type=\"heading.default\">\n\t\t\t\t\t<h1 class=\"elementor-heading-title elementor-size-default\">Datenschutzerkl\u00e4rung \u2013 RettedeineDaten<\/h1>\t\t\t\t<\/div>\n\t\t\t\t<div class=\"elementor-element elementor-element-42ed1f6 elementor-widget elementor-widget-text-editor\" data-id=\"42ed1f6\" data-element_type=\"widget\" data-e-type=\"widget\" data-widget_type=\"text-editor.default\">\n\t\t\t\t\t\t\t\t\t<p data-start=\"308\" data-end=\"336\"><strong data-start=\"308\" data-end=\"334\">Optimierte Einleitung: <\/strong><\/p><p data-start=\"308\" data-end=\"336\">Bei Datenschutzerkl\u00e4rung\u2013RetteDeineDaten\u00a0hat der Schutz Ihrer pers\u00f6nlichen Daten oberste Priorit\u00e4t.<br data-start=\"441\" data-end=\"444\" \/>Diese Datenschutzerkl\u00e4rung erl\u00e4utert, wie <strong data-start=\"486\" data-end=\"505\">RetteDeineDaten<\/strong> im Rahmen unserer <strong data-start=\"524\" data-end=\"547\">mobile Datenrettung<\/strong> und <strong data-start=\"552\" data-end=\"592\">Datenrettungsdienste f\u00fcr Smartphones<\/strong> Ihre personenbezogenen Daten erhebt, verarbeitet und sch\u00fctzt, wenn Sie unsere Dienste nutzen.<\/p>\t\t\t\t\t\t\t\t<\/div>\n\t\t\t\t\t<\/div>\n\t\t\t\t<\/div>\n\t\t<div class=\"elementor-element elementor-element-4694e83 e-flex e-con-boxed e-con e-parent\" data-id=\"4694e83\" data-element_type=\"container\" data-e-type=\"container\" data-settings=\"{&quot;background_background&quot;:&quot;classic&quot;}\">\n\t\t\t\t\t<div class=\"e-con-inner\">\n\t\t\t\t<div class=\"elementor-element elementor-element-fb714e7 elementor-widget elementor-widget-heading\" data-id=\"fb714e7\" data-element_type=\"widget\" data-e-type=\"widget\" data-widget_type=\"heading.default\">\n\t\t\t\t\t<h2 class=\"elementor-heading-title elementor-size-default\">1. Server-Log-Dateien<\/h2>\t\t\t\t<\/div>\n\t\t\t\t<div class=\"elementor-element elementor-element-ccbdf6e elementor-widget elementor-widget-text-editor\" data-id=\"ccbdf6e\" data-element_type=\"widget\" data-e-type=\"widget\" data-widget_type=\"text-editor.default\">\n\t\t\t\t\t\t\t\t\t<p data-start=\"901\" data-end=\"1143\">Sie k\u00f6nnen unsere Website besuchen, ohne personenbezogene Daten anzugeben. Beim Zugriff auf unsere Website werden jedoch bestimmte Nutzungsdaten automatisch von Ihrem Browser \u00fcbermittelt und als Server-Log-Dateien gespeichert. Dazu geh\u00f6ren:<\/p><ul data-start=\"1145\" data-end=\"1269\"><li data-start=\"1145\" data-end=\"1167\"><p data-start=\"1147\" data-end=\"1167\">Aufgerufene Seiten<\/p><\/li><li data-start=\"1168\" data-end=\"1202\"><p data-start=\"1170\" data-end=\"1202\">Datum und Uhrzeit des Zugriffs<\/p><\/li><li data-start=\"1203\" data-end=\"1217\"><p data-start=\"1205\" data-end=\"1217\">IP-Adresse<\/p><\/li><li data-start=\"1218\" data-end=\"1244\"><p data-start=\"1220\" data-end=\"1244\">\u00dcbertragene Datenmenge<\/p><\/li><li data-start=\"1245\" data-end=\"1269\"><p data-start=\"1247\" data-end=\"1269\">Anfragender Anbieter<\/p><\/li><\/ul><p data-start=\"1271\" data-end=\"1484\">Diese Daten werden verarbeitet, um einen reibungslosen Betrieb unserer Website sicherzustellen und unsere Dienste zu verbessern, basierend auf unserem berechtigten Interesse gem\u00e4\u00df <strong data-start=\"1451\" data-end=\"1481\">Art. 6 Abs. 1 lit. f DSGVO<\/strong>.<\/p>\t\t\t\t\t\t\t\t<\/div>\n\t\t\t\t\t<\/div>\n\t\t\t\t<\/div>\n\t\t<div class=\"elementor-element elementor-element-9756e22 e-flex e-con-boxed e-con e-parent\" data-id=\"9756e22\" data-element_type=\"container\" data-e-type=\"container\" data-settings=\"{&quot;background_background&quot;:&quot;classic&quot;}\">\n\t\t\t\t\t<div class=\"e-con-inner\">\n\t\t\t\t<div class=\"elementor-element elementor-element-b95ed37 elementor-widget elementor-widget-heading\" data-id=\"b95ed37\" data-element_type=\"widget\" data-e-type=\"widget\" data-widget_type=\"heading.default\">\n\t\t\t\t\t<h2 class=\"elementor-heading-title elementor-size-default\">2. Datenschutz mobile Datenrettung &amp; Kundenkonto<\/h2>\t\t\t\t<\/div>\n\t\t\t\t<div class=\"elementor-element elementor-element-f04c9fb elementor-widget elementor-widget-text-editor\" data-id=\"f04c9fb\" data-element_type=\"widget\" data-e-type=\"widget\" data-widget_type=\"text-editor.default\">\n\t\t\t\t\t\t\t\t\t<p data-start=\"1531\" data-end=\"1832\"><strong data-start=\"1531\" data-end=\"1546\">Kundenkonto<\/strong><\/p><p data-start=\"1531\" data-end=\"1832\">Wenn Sie ein Kundenkonto erstellen, erheben wir personenbezogene Daten, um Ihre Erfahrung zu verbessern und mobile Datenrettungsanfragen zu erleichtern. Die Verarbeitung erfolgt auf Grundlage Ihrer Einwilligung (<strong data-start=\"1761\" data-end=\"1791\">Art. 6 Abs. 1 lit. a DSGVO<\/strong>) und kann jederzeit widerrufen werden.<\/p><p data-start=\"1834\" data-end=\"2167\"><strong data-start=\"1834\" data-end=\"1876\">Datenerhebung f\u00fcr Datenrettungsdienste<\/strong><br data-start=\"1876\" data-end=\"1879\" \/>Wir erfassen nur die Daten, die f\u00fcr die Bereitstellung der mobilen Datenrettungsdienste erforderlich sind. Dazu geh\u00f6ren Ger\u00e4teinformationen, Kontaktdaten und Angaben zur Datenrettung. Die Verarbeitung ist erforderlich, um die Dienstleistung auszuf\u00fchren (<strong data-start=\"2133\" data-end=\"2163\">Art. 6 Abs. 1 lit. b DSGVO<\/strong>).<\/p>\t\t\t\t\t\t\t\t<\/div>\n\t\t\t\t\t<\/div>\n\t\t\t\t<\/div>\n\t\t<div class=\"elementor-element elementor-element-82460de e-flex e-con-boxed e-con e-parent\" data-id=\"82460de\" data-element_type=\"container\" data-e-type=\"container\" data-settings=\"{&quot;background_background&quot;:&quot;classic&quot;}\">\n\t\t\t\t\t<div class=\"e-con-inner\">\n\t\t\t\t<div class=\"elementor-element elementor-element-fd3ea21 elementor-widget elementor-widget-heading\" data-id=\"fd3ea21\" data-element_type=\"widget\" data-e-type=\"widget\" data-widget_type=\"heading.default\">\n\t\t\t\t\t<h2 class=\"elementor-heading-title elementor-size-default\">3. Kontaktformulare &amp; Kommunikation<\/h2>\t\t\t\t<\/div>\n\t\t\t\t<div class=\"elementor-element elementor-element-3b6d088 elementor-widget elementor-widget-text-editor\" data-id=\"3b6d088\" data-element_type=\"widget\" data-e-type=\"widget\" data-widget_type=\"text-editor.default\">\n\t\t\t\t\t\t\t\t\t<p data-start=\"2220\" data-end=\"2471\">Wenn Sie unser Kontaktformular nutzen, erfassen wir die von Ihnen bereitgestellten Informationen (Name, E-Mail, Nachricht), um auf Ihre Anfrage zu antworten. Die Verarbeitung erfolgt auf Grundlage Ihrer Einwilligung (<strong data-start=\"2437\" data-end=\"2467\">Art. 6 Abs. 1 lit. a DSGVO<\/strong>).<\/p><p data-start=\"2473\" data-end=\"2707\">Wenn Sie Kommentare zu Artikeln abgeben oder Feedback bereitstellen, werden nur die von Ihnen angegebenen Informationen erfasst und verwendet, um Ihren Kommentar anzuzeigen. Ihre Daten werden nach Widerruf der Einwilligung gel\u00f6scht<\/p>\t\t\t\t\t\t\t\t<\/div>\n\t\t\t\t\t<\/div>\n\t\t\t\t<\/div>\n\t\t<div class=\"elementor-element elementor-element-b6c68b0 e-flex e-con-boxed e-con e-parent\" data-id=\"b6c68b0\" data-element_type=\"container\" data-e-type=\"container\" data-settings=\"{&quot;background_background&quot;:&quot;classic&quot;}\">\n\t\t\t\t\t<div class=\"e-con-inner\">\n\t\t\t\t<div class=\"elementor-element elementor-element-d525f6f elementor-widget elementor-widget-heading\" data-id=\"d525f6f\" data-element_type=\"widget\" data-e-type=\"widget\" data-widget_type=\"heading.default\">\n\t\t\t\t\t<h2 class=\"elementor-heading-title elementor-size-default\">\u00a04. E-Mail-Kommunikation &amp; Marketing<\/h2>\t\t\t\t<\/div>\n\t\t\t\t<div class=\"elementor-element elementor-element-0e1300d elementor-widget elementor-widget-text-editor\" data-id=\"0e1300d\" data-element_type=\"widget\" data-e-type=\"widget\" data-widget_type=\"text-editor.default\">\n\t\t\t\t\t\t\t\t\t<p data-start=\"2760\" data-end=\"3115\">Wir k\u00f6nnen Ihre E-Mail-Adresse nutzen, um Updates zu unseren Dienstleistungen, Angeboten oder Newslettern zu senden, <strong data-start=\"2877\" data-end=\"2912\">nur wenn Sie eingewilligt haben<\/strong>. Sie k\u00f6nnen sich jederzeit abmelden oder die Einwilligung widerrufen. Die Verarbeitung erfolgt auf Grundlage Ihrer Einwilligung oder unseres berechtigten Interesses (<strong data-start=\"3079\" data-end=\"3111\">Art. 6 Abs. 1 lit. a\/f DSGVO<\/strong>).<\/p>\t\t\t\t\t\t\t\t<\/div>\n\t\t\t\t\t<\/div>\n\t\t\t\t<\/div>\n\t\t<div class=\"elementor-element elementor-element-4b40567 e-flex e-con-boxed e-con e-parent\" data-id=\"4b40567\" data-element_type=\"container\" data-e-type=\"container\" data-settings=\"{&quot;background_background&quot;:&quot;classic&quot;}\">\n\t\t\t\t\t<div class=\"e-con-inner\">\n\t\t\t\t<div class=\"elementor-element elementor-element-693156b elementor-widget elementor-widget-heading\" data-id=\"693156b\" data-element_type=\"widget\" data-e-type=\"widget\" data-widget_type=\"heading.default\">\n\t\t\t\t\t<h2 class=\"elementor-heading-title elementor-size-default\">5. Cookies &amp; Analysen<\/h2>\t\t\t\t<\/div>\n\t\t\t\t<div class=\"elementor-element elementor-element-4d29b4d elementor-widget elementor-widget-text-editor\" data-id=\"4d29b4d\" data-element_type=\"widget\" data-e-type=\"widget\" data-widget_type=\"text-editor.default\">\n\t\t\t\t\t\t\t\t\t<p data-start=\"3154\" data-end=\"3354\">Unsere Website verwendet Cookies, um die Benutzererfahrung zu verbessern, die Website-Leistung zu analysieren und Dienste effektiv bereitzustellen. Cookies k\u00f6nnen das Surfverhalten anonym verfolgen.<\/p><p data-start=\"3356\" data-end=\"3381\">Wir verwenden au\u00dferdem:<\/p><ul data-start=\"3383\" data-end=\"3551\"><li data-start=\"3383\" data-end=\"3487\"><p data-start=\"3385\" data-end=\"3487\"><strong data-start=\"3385\" data-end=\"3406\">Google Analytics:<\/strong> zur Analyse des Website-Traffics und zur Verbesserung unserer Dienstleistungen<\/p><\/li><li data-start=\"3488\" data-end=\"3551\"><p data-start=\"3490\" data-end=\"3551\"><strong data-start=\"3490\" data-end=\"3512\">Remarketing-Tools:<\/strong> zur Anzeige relevanter Werbeanzeigen<\/p><\/li><\/ul><p data-start=\"3553\" data-end=\"3702\">Sie k\u00f6nnen Cookies in Ihren Browsereinstellungen deaktivieren. Einige Funktionen der Website funktionieren dann m\u00f6glicherweise nicht ordnungsgem\u00e4\u00df.<\/p>\t\t\t\t\t\t\t\t<\/div>\n\t\t\t\t\t<\/div>\n\t\t\t\t<\/div>\n\t\t<div class=\"elementor-element elementor-element-fde69b9 e-flex e-con-boxed e-con e-parent\" data-id=\"fde69b9\" data-element_type=\"container\" data-e-type=\"container\" data-settings=\"{&quot;background_background&quot;:&quot;classic&quot;}\">\n\t\t\t\t\t<div class=\"e-con-inner\">\n\t\t\t\t<div class=\"elementor-element elementor-element-ba86587 elementor-widget elementor-widget-heading\" data-id=\"ba86587\" data-element_type=\"widget\" data-e-type=\"widget\" data-widget_type=\"heading.default\">\n\t\t\t\t\t<h2 class=\"elementor-heading-title elementor-size-default\">6. Drittanbieter-Dienste<\/h2>\t\t\t\t<\/div>\n\t\t\t\t<div class=\"elementor-element elementor-element-b9db83f elementor-widget elementor-widget-text-editor\" data-id=\"b9db83f\" data-element_type=\"widget\" data-e-type=\"widget\" data-widget_type=\"text-editor.default\">\n\t\t\t\t\t\t\t\t\t<p data-start=\"3744\" data-end=\"3795\">Wir k\u00f6nnen Drittanbieter-Tools nutzen, wie z.\u202fB.:<\/p><ul data-start=\"3797\" data-end=\"3953\"><li data-start=\"3797\" data-end=\"3862\"><p data-start=\"3799\" data-end=\"3862\"><strong data-start=\"3799\" data-end=\"3809\">PayPal<\/strong> f\u00fcr Zahlungen (gem\u00e4\u00df PayPal-Datenschutzrichtlinie)<\/p><\/li><li data-start=\"3863\" data-end=\"3906\"><p data-start=\"3865\" data-end=\"3906\"><strong data-start=\"3865\" data-end=\"3886\">Live-Chat-Systeme<\/strong> f\u00fcr Kundensupport<\/p><\/li><li data-start=\"3907\" data-end=\"3953\"><p data-start=\"3909\" data-end=\"3953\"><strong data-start=\"3909\" data-end=\"3934\">YouTube\/Vimeo-Plugins<\/strong> f\u00fcr Videoinhalte<\/p><\/li><\/ul><p data-start=\"3955\" data-end=\"4061\">Diese Tools verarbeiten unter strengen Sicherheitsma\u00dfnahmen und DSGVO-konform eingeschr\u00e4nkt Nutzerdaten.<\/p>\t\t\t\t\t\t\t\t<\/div>\n\t\t\t\t\t<\/div>\n\t\t\t\t<\/div>\n\t\t<div class=\"elementor-element elementor-element-22163d9 e-flex e-con-boxed e-con e-parent\" data-id=\"22163d9\" data-element_type=\"container\" data-e-type=\"container\" data-settings=\"{&quot;background_background&quot;:&quot;classic&quot;}\">\n\t\t\t\t\t<div class=\"e-con-inner\">\n\t\t\t\t<div class=\"elementor-element elementor-element-359cb08 elementor-widget elementor-widget-heading\" data-id=\"359cb08\" data-element_type=\"widget\" data-e-type=\"widget\" data-widget_type=\"heading.default\">\n\t\t\t\t\t<h2 class=\"elementor-heading-title elementor-size-default\">\u00a07. Datenspeicherung &amp; L\u00f6schung<\/h2>\t\t\t\t<\/div>\n\t\t\t\t<div class=\"elementor-element elementor-element-252fda6 elementor-widget elementor-widget-text-editor\" data-id=\"252fda6\" data-element_type=\"widget\" data-e-type=\"widget\" data-widget_type=\"text-editor.default\">\n\t\t\t\t\t\t\t\t\t<p data-start=\"3965\" data-end=\"4185\">Nach Abschluss der mobilen <strong data-start=\"3992\" data-end=\"4008\">Datenrettung<\/strong> werden tempor\u00e4re Kopien oder Backups dauerhaft gel\u00f6scht.Wir garantieren, dass jede <strong data-start=\"4095\" data-end=\"4125\">Datenrettung DSGVO konform<\/strong> und nach den gesetzlichen Datenschutzrichtlinien erfolgt.<\/p>\t\t\t\t\t\t\t\t<\/div>\n\t\t\t\t\t<\/div>\n\t\t\t\t<\/div>\n\t\t<div class=\"elementor-element elementor-element-d5478c9 e-flex e-con-boxed e-con e-parent\" data-id=\"d5478c9\" data-element_type=\"container\" data-e-type=\"container\" data-settings=\"{&quot;background_background&quot;:&quot;classic&quot;}\">\n\t\t\t\t\t<div class=\"e-con-inner\">\n\t\t\t\t<div class=\"elementor-element elementor-element-a11a999 elementor-widget elementor-widget-heading\" data-id=\"a11a999\" data-element_type=\"widget\" data-e-type=\"widget\" data-widget_type=\"heading.default\">\n\t\t\t\t\t<h2 class=\"elementor-heading-title elementor-size-default\">\u00a08. Ihre Rechte<\/h2>\t\t\t\t<\/div>\n\t\t\t\t<div class=\"elementor-element elementor-element-7779094 elementor-widget elementor-widget-text-editor\" data-id=\"7779094\" data-element_type=\"widget\" data-e-type=\"widget\" data-widget_type=\"text-editor.default\">\n\t\t\t\t\t\t\t\t\t<p data-start=\"4406\" data-end=\"4455\">Unter der DSGVO haben Sie das Recht, jederzeit:<\/p><ul data-start=\"4457\" data-end=\"4747\"><li data-start=\"4457\" data-end=\"4516\"><p data-start=\"4459\" data-end=\"4516\">Auskunft \u00fcber Ihre personenbezogenen Daten zu verlangen<\/p><\/li><li data-start=\"4517\" data-end=\"4592\"><p data-start=\"4519\" data-end=\"4592\">Berichtigung, L\u00f6schung oder Einschr\u00e4nkung der Verarbeitung zu verlangen<\/p><\/li><li data-start=\"4593\" data-end=\"4630\"><p data-start=\"4595\" data-end=\"4630\">Daten\u00fcbertragbarkeit zu verlangen<\/p><\/li><li data-start=\"4631\" data-end=\"4701\"><p data-start=\"4633\" data-end=\"4701\">der Verarbeitung aufgrund berechtigter Interessen zu widersprechen<\/p><\/li><li data-start=\"4702\" data-end=\"4747\"><p data-start=\"4704\" data-end=\"4747\">Ihre Einwilligung jederzeit zu widerrufen<\/p><\/li><\/ul><p data-start=\"4749\" data-end=\"4845\">Sie k\u00f6nnen diese Rechte \u00fcber die auf unserer Website angegebenen Kontaktm\u00f6glichkeiten aus\u00fcben.<\/p>\t\t\t\t\t\t\t\t<\/div>\n\t\t\t\t\t<\/div>\n\t\t\t\t<\/div>\n\t\t<div class=\"elementor-element elementor-element-b62e2fb e-flex e-con-boxed e-con e-parent\" data-id=\"b62e2fb\" data-element_type=\"container\" data-e-type=\"container\" data-settings=\"{&quot;background_background&quot;:&quot;classic&quot;}\">\n\t\t\t\t\t<div class=\"e-con-inner\">\n\t\t\t\t<div class=\"elementor-element elementor-element-b9a12a2 elementor-widget elementor-widget-heading\" data-id=\"b9a12a2\" data-element_type=\"widget\" data-e-type=\"widget\" data-widget_type=\"heading.default\">\n\t\t\t\t\t<h2 class=\"elementor-heading-title elementor-size-default\">9. Beschwerderecht<\/h2>\t\t\t\t<\/div>\n\t\t\t\t<div class=\"elementor-element elementor-element-ef7439c elementor-widget elementor-widget-text-editor\" data-id=\"ef7439c\" data-element_type=\"widget\" data-e-type=\"widget\" data-widget_type=\"text-editor.default\">\n\t\t\t\t\t\t\t\t\t<p data-start=\"4881\" data-end=\"5036\">Wenn Sie der Ansicht sind, dass Ihre Daten rechtswidrig verarbeitet werden, k\u00f6nnen Sie eine Beschwerde bei der zust\u00e4ndigen Datenschutzbeh\u00f6rde einreichen.<\/p>\t\t\t\t\t\t\t\t<\/div>\n\t\t\t\t\t<\/div>\n\t\t\t\t<\/div>\n\t\t<div class=\"elementor-element elementor-element-73abbf3 e-flex e-con-boxed e-con e-parent\" data-id=\"73abbf3\" data-element_type=\"container\" data-e-type=\"container\" data-settings=\"{&quot;background_background&quot;:&quot;classic&quot;}\">\n\t\t\t\t\t<div class=\"e-con-inner\">\n\t\t\t\t<div class=\"elementor-element elementor-element-557c364 elementor-widget elementor-widget-heading\" data-id=\"557c364\" data-element_type=\"widget\" data-e-type=\"widget\" data-widget_type=\"heading.default\">\n\t\t\t\t\t<h2 class=\"elementor-heading-title elementor-size-default\">10. Direktmarketing &amp; Widerspruch<\/h2>\t\t\t\t<\/div>\n\t\t\t\t<div class=\"elementor-element elementor-element-e8dcdf9 elementor-widget elementor-widget-text-editor\" data-id=\"e8dcdf9\" data-element_type=\"widget\" data-e-type=\"widget\" data-widget_type=\"text-editor.default\">\n\t\t\t\t\t\t\t\t\t<p data-start=\"5087\" data-end=\"5274\">Wenn Ihre Daten f\u00fcr Marketingzwecke verwendet werden, k\u00f6nnen Sie jederzeit widersprechen. Nach Ihrem Widerspruch stellen wir die Verarbeitung Ihrer Daten f\u00fcr Marketingzwecke sofort ein.<\/p>\t\t\t\t\t\t\t\t<\/div>\n\t\t\t\t\t<\/div>\n\t\t\t\t<\/div>\n\t\t<div class=\"elementor-element elementor-element-3805b2e e-flex e-con-boxed e-con e-parent\" data-id=\"3805b2e\" data-element_type=\"container\" data-e-type=\"container\" data-settings=\"{&quot;background_background&quot;:&quot;classic&quot;}\">\n\t\t\t\t\t<div class=\"e-con-inner\">\n\t\t\t\t<div class=\"elementor-element elementor-element-4ca157b elementor-widget elementor-widget-heading\" data-id=\"4ca157b\" data-element_type=\"widget\" data-e-type=\"widget\" data-widget_type=\"heading.default\">\n\t\t\t\t\t<h2 class=\"elementor-heading-title elementor-size-default\">11. Weiterf\u00fchrende Informationen und Kontakt<\/h2>\t\t\t\t<\/div>\n\t\t\t\t<div class=\"elementor-element elementor-element-a196e7a elementor-widget elementor-widget-text-editor\" data-id=\"a196e7a\" data-element_type=\"widget\" data-e-type=\"widget\" data-widget_type=\"text-editor.default\">\n\t\t\t\t\t\t\t\t\t<p data-start=\"275\" data-end=\"659\">F\u00fcr weitere Informationen \u00fcber unsere <strong data-start=\"313\" data-end=\"336\">mobile Datenrettung<\/strong> und wie wir Ihre Daten sch\u00fctzen, <strong data-start=\"370\" data-end=\"432\"><a class=\"decorated-link\" href=\"https:\/\/rettedeinedaten.de\/?utm_source=chatgpt.com\" target=\"_new\" rel=\"noopener\" data-start=\"372\" data-end=\"430\">besuchen Sie unsere Website<\/a><\/strong>.<br data-start=\"433\" data-end=\"436\" \/>Wenn Sie Fragen zu dieser Datenschutzerkl\u00e4rung oder zur Verarbeitung Ihrer personenbezogenen Daten haben, nutzen Sie gern unser <strong data-start=\"564\" data-end=\"621\"><a class=\"decorated-link cursor-pointer\" href=\"https:\/\/rettedeinedaten.de\/kontaktieren-sie-uns\/\" target=\"_new\" rel=\"noopener\" data-start=\"566\" data-end=\"619\">Kontaktformular<\/a><\/strong> oder schreiben Sie uns eine E\u2011Mail.<\/p><p data-start=\"661\" data-end=\"829\">Unser <strong data-start=\"667\" data-end=\"701\">Experten\u2011Team f\u00fcr Datenrettung<\/strong> steht Ihnen schnell, sicher und kompetent zur Verf\u00fcgung, um Ihre Anliegen zu beantworten und Sie bestm\u00f6glich zu unterst\u00fctzen.<\/p>\t\t\t\t\t\t\t\t<\/div>\n\t\t\t\t\t<\/div>\n\t\t\t\t<\/div>\n\t\t\t\t<\/div>","protected":false},"excerpt":{"rendered":"<p>Datenschutzerkl\u00e4rung \u2013 RettedeineDaten Optimierte Einleitung: Bei Datenschutzerkl\u00e4rung\u2013RetteDeineDaten\u00a0hat der Schutz Ihrer pers\u00f6nlichen Daten oberste Priorit\u00e4t.Diese Datenschutzerkl\u00e4rung erl\u00e4utert, wie RetteDeineDaten im Rahmen unserer mobile Datenrettung und Datenrettungsdienste f\u00fcr Smartphones Ihre personenbezogenen Daten erhebt, verarbeitet und sch\u00fctzt, wenn Sie unsere Dienste nutzen. 1. Server-Log-Dateien Sie k\u00f6nnen unsere Website besuchen, ohne personenbezogene Daten anzugeben. Beim Zugriff auf unsere Website [&hellip;]<\/p>\n","protected":false},"author":1,"featured_media":0,"parent":0,"menu_order":0,"comment_status":"closed","ping_status":"closed","template":"","meta":{"footnotes":""},"class_list":["post-402","page","type-page","status-publish","hentry"],"_links":{"self":[{"href":"https:\/\/rettedeinedaten.de\/en\/wp-json\/wp\/v2\/pages\/402","targetHints":{"allow":["GET"]}}],"collection":[{"href":"https:\/\/rettedeinedaten.de\/en\/wp-json\/wp\/v2\/pages"}],"about":[{"href":"https:\/\/rettedeinedaten.de\/en\/wp-json\/wp\/v2\/types\/page"}],"author":[{"embeddable":true,"href":"https:\/\/rettedeinedaten.de\/en\/wp-json\/wp\/v2\/users\/1"}],"replies":[{"embeddable":true,"href":"https:\/\/rettedeinedaten.de\/en\/wp-json\/wp\/v2\/comments?post=402"}],"version-history":[{"count":23,"href":"https:\/\/rettedeinedaten.de\/en\/wp-json\/wp\/v2\/pages\/402\/revisions"}],"predecessor-version":[{"id":4323,"href":"https:\/\/rettedeinedaten.de\/en\/wp-json\/wp\/v2\/pages\/402\/revisions\/4323"}],"wp:attachment":[{"href":"https:\/\/rettedeinedaten.de\/en\/wp-json\/wp\/v2\/media?parent=402"}],"curies":[{"name":"wp","href":"https:\/\/api.w.org\/{rel}","templated":true}]}}