{"id":408,"date":"2025-10-09T23:28:39","date_gmt":"2025-10-09T23:28:39","guid":{"rendered":"https:\/\/mobile.techcubewebs.org\/?page_id=408"},"modified":"2026-04-07T21:04:05","modified_gmt":"2026-04-07T21:04:05","slug":"impressum","status":"publish","type":"page","link":"https:\/\/rettedeinedaten.de\/en\/impressum\/","title":{"rendered":"Impressum"},"content":{"rendered":"<div data-elementor-type=\"wp-page\" data-elementor-id=\"408\" class=\"elementor elementor-408\" data-elementor-post-type=\"page\">\n\t\t\t\t<div class=\"elementor-element elementor-element-3a11baf e-flex e-con-boxed e-con e-parent\" data-id=\"3a11baf\" data-element_type=\"container\" data-e-type=\"container\" data-settings=\"{&quot;background_background&quot;:&quot;classic&quot;}\">\n\t\t\t\t\t<div class=\"e-con-inner\">\n\t\t\t\t<div class=\"elementor-element elementor-element-61759f7 elementor-widget elementor-widget-heading\" data-id=\"61759f7\" data-element_type=\"widget\" data-e-type=\"widget\" data-widget_type=\"heading.default\">\n\t\t\t\t\t<h1 class=\"elementor-heading-title elementor-size-default\">Impressum RettedeineDaten &amp; Datenschutzrichtlinien<\/h1>\t\t\t\t<\/div>\n\t\t\t\t<div class=\"elementor-element elementor-element-810ff95 elementor-widget elementor-widget-text-editor\" data-id=\"810ff95\" data-element_type=\"widget\" data-e-type=\"widget\" data-widget_type=\"text-editor.default\">\n\t\t\t\t\t\t\t\t\t<p data-start=\"503\" data-end=\"571\"><strong data-start=\"260\" data-end=\"314\">Impressum RettedeineDaten &amp; Datenschutzrichtlinien<\/strong><\/p><p data-start=\"503\" data-end=\"571\"><strong data-start=\"503\" data-end=\"537\">CONRAX UG (haftungsbeschr\u00e4nkt)<\/strong><br data-start=\"537\" data-end=\"540\" \/>R\u00fcmannstr. 31<br data-start=\"553\" data-end=\"556\" \/>80804 M\u00fcnchen<\/p><p data-start=\"573\" data-end=\"646\"><strong data-start=\"573\" data-end=\"593\">Vertreten durch:<\/strong> Conrax UG<br data-start=\"603\" data-end=\"606\" \/><strong data-start=\"606\" data-end=\"618\">Kontakt:<\/strong><br data-start=\"618\" data-end=\"621\" \/>E-Mail:\u00a0info@rettedeinedaten<\/p><p data-start=\"648\" data-end=\"771\"><strong data-start=\"648\" data-end=\"668\">Registereintrag:<\/strong><br data-start=\"668\" data-end=\"671\" \/>Eintragung im Handelsregister.<br data-start=\"701\" data-end=\"704\" \/>Registergericht: Amtsgericht M\u00fcnchen<br data-start=\"740\" data-end=\"743\" \/>Registernummer: HRB 248160<\/p>\t\t\t\t\t\t\t\t<\/div>\n\t\t\t\t\t<\/div>\n\t\t\t\t<\/div>\n\t\t<div class=\"elementor-element elementor-element-a8d6a3e e-flex e-con-boxed e-con e-parent\" data-id=\"a8d6a3e\" data-element_type=\"container\" data-e-type=\"container\" data-settings=\"{&quot;background_background&quot;:&quot;classic&quot;}\">\n\t\t\t\t\t<div class=\"e-con-inner\">\n\t\t<div class=\"elementor-element elementor-element-28f5aa7 e-con-full e-flex e-con e-child\" data-id=\"28f5aa7\" data-element_type=\"container\" data-e-type=\"container\" data-settings=\"{&quot;background_background&quot;:&quot;classic&quot;}\">\n\t\t\t\t<div class=\"elementor-element elementor-element-bc09432 elementor-widget elementor-widget-heading\" data-id=\"bc09432\" data-element_type=\"widget\" data-e-type=\"widget\" data-widget_type=\"heading.default\">\n\t\t\t\t\t<h4 class=\"elementor-heading-title elementor-size-default\">Haftungsausschluss<\/h4>\t\t\t\t<\/div>\n\t\t\t\t<div class=\"elementor-element elementor-element-c31b7a1 elementor-widget elementor-widget-text-editor\" data-id=\"c31b7a1\" data-element_type=\"widget\" data-e-type=\"widget\" data-widget_type=\"text-editor.default\">\n\t\t\t\t\t\t\t\t\t<p data-start=\"801\" data-end=\"1097\">Dieses <strong data-start=\"413\" data-end=\"442\">Impressum RettedeineDaten<\/strong> informiert Sie \u00fcber die rechtlichen Angaben und Verantwortlichkeiten unserer Website.Alle rechtlichen Hinweise im <strong data-start=\"1018\" data-end=\"1047\">Impressum RettedeineDaten<\/strong> gelten f\u00fcr s\u00e4mtliche Inhalte und Dienstleistungen unserer Plattform.<\/p><p data-start=\"801\" data-end=\"1097\">Die Inhalte unserer Website wurden mit gr\u00f6\u00dfter Sorgfalt erstellt und regelm\u00e4\u00dfig \u00fcberpr\u00fcft. Unser Ziel ist es, Ihnen genaue und hilfreiche Informationen rund um das Thema\u00a0<strong data-start=\"971\" data-end=\"995\">Mobile Data Recovery<\/strong>\u00a0\u2013 also\u00a0<strong data-start=\"1003\" data-end=\"1076\">Datenrettung von Smartphones, Tablets, Festplatten und Speicherkarten<\/strong>\u00a0\u2013 bereitzustellen.<\/p><p data-start=\"801\" data-end=\"1097\">Dieses <strong data-start=\"676\" data-end=\"709\">Mobile Datenrettung Impressum<\/strong> dient der rechtlichen Transparenz unserer Dienstleistungen im Bereich der Datenrettung f\u00fcr mobile Ger\u00e4te.<\/p><p data-start=\"1099\" data-end=\"1531\">Trotz sorgf\u00e4ltiger Bearbeitung k\u00f6nnen wir keine Gew\u00e4hr f\u00fcr die Vollst\u00e4ndigkeit, Richtigkeit und Aktualit\u00e4t der bereitgestellten Inhalte \u00fcbernehmen. Als Diensteanbieter sind wir gem\u00e4\u00df \u00a7 7 Abs. 1 TMG f\u00fcr eigene Inhalte auf diesen Seiten verantwortlich. Nach \u00a7\u00a7 8 bis 10 TMG sind wir jedoch nicht verpflichtet, \u00fcbermittelte oder gespeicherte fremde Informationen zu \u00fcberwachen, die auf eine rechtswidrige T\u00e4tigkeit hinweisen k\u00f6nnten.<\/p><p data-start=\"1533\" data-end=\"1640\">Bei Bekanntwerden von konkreten Rechtsverletzungen werden wir entsprechende Inhalte unverz\u00fcglich entfernen.<\/p>\t\t\t\t\t\t\t\t<\/div>\n\t\t\t\t<\/div>\n\t\t\t\t\t<\/div>\n\t\t\t\t<\/div>\n\t\t<div class=\"elementor-element elementor-element-e4109f2 e-flex e-con-boxed e-con e-parent\" data-id=\"e4109f2\" data-element_type=\"container\" data-e-type=\"container\" data-settings=\"{&quot;background_background&quot;:&quot;classic&quot;}\">\n\t\t\t\t\t<div class=\"e-con-inner\">\n\t\t<div class=\"elementor-element elementor-element-c6cce23 e-con-full e-flex e-con e-child\" data-id=\"c6cce23\" data-element_type=\"container\" data-e-type=\"container\">\n\t\t\t\t<div class=\"elementor-element elementor-element-026ae1a elementor-widget elementor-widget-heading\" data-id=\"026ae1a\" data-element_type=\"widget\" data-e-type=\"widget\" data-widget_type=\"heading.default\">\n\t\t\t\t\t<h4 class=\"elementor-heading-title elementor-size-default\">Haftung f\u00fcr Links<\/h4>\t\t\t\t<\/div>\n\t\t\t\t<div class=\"elementor-element elementor-element-bfbf6ae elementor-widget elementor-widget-text-editor\" data-id=\"bfbf6ae\" data-element_type=\"widget\" data-e-type=\"widget\" data-widget_type=\"text-editor.default\">\n\t\t\t\t\t\t\t\t\t<p data-start=\"1669\" data-end=\"2004\">Unsere Website enth\u00e4lt Links zu externen Webseiten, beispielsweise zu <strong data-start=\"1739\" data-end=\"1775\">Partnern im Bereich Datenrettung<\/strong> oder <strong data-start=\"1781\" data-end=\"1818\">Herstellern von Recovery-Software<\/strong>. Auf deren Inhalte haben wir keinen Einfluss und \u00fcbernehmen daher keine Haftung. Zum Zeitpunkt der Verlinkung wurden die Seiten \u00fcberpr\u00fcft, und es waren keine Rechtsverst\u00f6\u00dfe erkennbar.<\/p><p data-start=\"2006\" data-end=\"2168\">Eine dauerhafte Kontrolle der verlinkten Seiten ist jedoch nicht zumutbar. Sollten uns rechtswidrige Inhalte bekannt werden, werden diese Links sofort entfernt.<\/p><p data-start=\"2170\" data-end=\"2338\">Bitte beachten Sie auch die <strong data-start=\"2198\" data-end=\"2246\">Datenschutzrichtlinien der externen Anbieter<\/strong>, da wir f\u00fcr deren Umgang mit personenbezogenen Daten keine Verantwortung \u00fcbernehmen k\u00f6nnen.<\/p><p data-start=\"2170\" data-end=\"2338\">Wir \u00fcbernehmen keine Haftung f\u00fcr Inhalte externer Websites. Dieses <strong data-start=\"591\" data-end=\"624\">Mobile Datenrettung Impressum<\/strong> stellt sicher, dass unsere rechtlichen Informationen f\u00fcr Kunden klar und nachvollziehbar bleiben.<\/p>\t\t\t\t\t\t\t\t<\/div>\n\t\t\t\t<\/div>\n\t\t\t\t\t<\/div>\n\t\t\t\t<\/div>\n\t\t<div class=\"elementor-element elementor-element-d6ea518 e-flex e-con-boxed e-con e-parent\" data-id=\"d6ea518\" data-element_type=\"container\" data-e-type=\"container\" data-settings=\"{&quot;background_background&quot;:&quot;classic&quot;}\">\n\t\t\t\t\t<div class=\"e-con-inner\">\n\t\t<div class=\"elementor-element elementor-element-d6bb58d e-con-full e-flex e-con e-child\" data-id=\"d6bb58d\" data-element_type=\"container\" data-e-type=\"container\" data-settings=\"{&quot;background_background&quot;:&quot;classic&quot;}\">\n\t\t\t\t<div class=\"elementor-element elementor-element-4d19ade elementor-widget elementor-widget-heading\" data-id=\"4d19ade\" data-element_type=\"widget\" data-e-type=\"widget\" data-widget_type=\"heading.default\">\n\t\t\t\t\t<h4 class=\"elementor-heading-title elementor-size-default\">Urheberrecht<\/h4>\t\t\t\t<\/div>\n\t\t\t\t<div class=\"elementor-element elementor-element-bc1c06f elementor-widget elementor-widget-text-editor\" data-id=\"bc1c06f\" data-element_type=\"widget\" data-e-type=\"widget\" data-widget_type=\"text-editor.default\">\n\t\t\t\t\t\t\t\t\t<p data-start=\"2362\" data-end=\"2650\">Die durch den Seitenbetreiber erstellten Texte, Bilder, Logos und Grafiken auf dieser Seite unterliegen dem deutschen Urheberrecht. Dies betrifft insbesondere unsere Inhalte zu <strong data-start=\"2539\" data-end=\"2647\">Smartphone-Datenrettung, Festplattenwiederherstellung, SD-Karten-Recovery und USB-Datenwiederherstellung<\/strong>.<\/p><p data-start=\"2652\" data-end=\"2900\">Vervielf\u00e4ltigung, Bearbeitung oder Verbreitung au\u00dferhalb der Grenzen des Urheberrechts bed\u00fcrfen der schriftlichen Zustimmung des jeweiligen Autors. Downloads und Kopien dieser Seite sind nur f\u00fcr den privaten, nicht kommerziellen Gebrauch erlaubt.<\/p><p data-start=\"2902\" data-end=\"3144\">Sollten Inhalte auf dieser Seite nicht vom Betreiber erstellt worden sein, werden die Urheberrechte Dritter beachtet und entsprechend gekennzeichnet. Bei Bekanntwerden von Urheberrechtsverletzungen werden wir diese Inhalte umgehend entfernen.<\/p>\t\t\t\t\t\t\t\t<\/div>\n\t\t\t\t<\/div>\n\t\t\t\t\t<\/div>\n\t\t\t\t<\/div>\n\t\t<div class=\"elementor-element elementor-element-9185ace e-flex e-con-boxed e-con e-parent\" data-id=\"9185ace\" data-element_type=\"container\" data-e-type=\"container\" data-settings=\"{&quot;background_background&quot;:&quot;classic&quot;}\">\n\t\t\t\t\t<div class=\"e-con-inner\">\n\t\t<div class=\"elementor-element elementor-element-f653fdf e-con-full e-flex e-con e-child\" data-id=\"f653fdf\" data-element_type=\"container\" data-e-type=\"container\">\n\t\t\t\t<div class=\"elementor-element elementor-element-7d6b0dd elementor-widget elementor-widget-heading\" data-id=\"7d6b0dd\" data-element_type=\"widget\" data-e-type=\"widget\" data-widget_type=\"heading.default\">\n\t\t\t\t\t<h4 class=\"elementor-heading-title elementor-size-default\">Datenschutz<\/h4>\t\t\t\t<\/div>\n\t\t\t\t<div class=\"elementor-element elementor-element-a4f63f0 elementor-widget elementor-widget-text-editor\" data-id=\"a4f63f0\" data-element_type=\"widget\" data-e-type=\"widget\" data-widget_type=\"text-editor.default\">\n\t\t\t\t\t\t\t\t\t<p data-start=\"3167\" data-end=\"3504\">Die Nutzung unserer Website ist in der Regel ohne Angabe personenbezogener Daten m\u00f6glich. Wenn Sie uns \u00fcber das Kontaktformular oder per E-Mail bez\u00fcglich <strong data-start=\"3321\" data-end=\"3379\">Datenrettung oder Wiederherstellung verlorener Dateien<\/strong> kontaktieren, werden diese Daten ausschlie\u00dflich zur Bearbeitung Ihrer Anfrage verwendet und nicht an Dritte weitergegeben.<\/p><p data-start=\"3506\" data-end=\"3726\">Wir weisen darauf hin, dass die Daten\u00fcbertragung im Internet (z. B. bei der Kommunikation per E-Mail) Sicherheitsl\u00fccken aufweisen kann. Ein vollst\u00e4ndiger Schutz der Daten vor dem Zugriff durch Dritte ist nicht m\u00f6glich.<\/p><p data-start=\"3728\" data-end=\"4071\">Der Nutzung der im Rahmen der Impressumspflicht ver\u00f6ffentlichten Kontaktdaten durch Dritte zur \u00dcbersendung von nicht ausdr\u00fccklich angeforderter Werbung oder Informationsmaterialien wird hiermit ausdr\u00fccklich widersprochen. Wir behalten uns rechtliche Schritte im Falle unverlangter Zusendung von Werbeinformationen, z. B. durch Spam-Mails, vor.<\/p>\t\t\t\t\t\t\t\t<\/div>\n\t\t\t\t<\/div>\n\t\t\t\t\t<\/div>\n\t\t\t\t<\/div>\n\t\t<div class=\"elementor-element elementor-element-0e33fae e-flex e-con-boxed e-con e-parent\" data-id=\"0e33fae\" data-element_type=\"container\" data-e-type=\"container\" data-settings=\"{&quot;background_background&quot;:&quot;classic&quot;}\">\n\t\t\t\t\t<div class=\"e-con-inner\">\n\t\t<div class=\"elementor-element elementor-element-df86763 e-con-full e-flex e-con e-child\" data-id=\"df86763\" data-element_type=\"container\" data-e-type=\"container\" data-settings=\"{&quot;background_background&quot;:&quot;classic&quot;}\">\n\t\t\t\t<div class=\"elementor-element elementor-element-4f8d49c elementor-widget elementor-widget-heading\" data-id=\"4f8d49c\" data-element_type=\"widget\" data-e-type=\"widget\" data-widget_type=\"heading.default\">\n\t\t\t\t\t<h4 class=\"elementor-heading-title elementor-size-default\">Verwendung von Google Analytics<\/h4>\t\t\t\t<\/div>\n\t\t\t\t<div class=\"elementor-element elementor-element-e411679 elementor-widget elementor-widget-text-editor\" data-id=\"e411679\" data-element_type=\"widget\" data-e-type=\"widget\" data-widget_type=\"text-editor.default\">\n\t\t\t\t\t\t\t\t\t<p data-start=\"4114\" data-end=\"4480\">Diese Website nutzt Google Analytics, einen Webanalysedienst der Google Inc. (\u201cGoogle\u201d). Google Analytics verwendet \u201eCookies\u201c, die auf Ihrem Ger\u00e4t gespeichert werden, um eine Analyse Ihrer Nutzung der Website zu erm\u00f6glichen. Die erzeugten Informationen, einschlie\u00dflich Ihrer IP-Adresse, werden an einen Server von Google in den USA \u00fcbertragen und dort gespeichert.<\/p><p data-start=\"4482\" data-end=\"4706\">Google nutzt diese Daten, um Reports \u00fcber die Websiteaktivit\u00e4ten (z. B. Seitenaufrufe, Klicks und Aufenthaltsdauer) zu erstellen und um Dienste im Zusammenhang mit der <strong data-start=\"4650\" data-end=\"4692\">Nutzung der Website und Online-Werbung<\/strong> anzubieten.<\/p><p data-start=\"4708\" data-end=\"4908\">Sie k\u00f6nnen die Speicherung von Cookies in den Einstellungen Ihres Browsers deaktivieren. In diesem Fall k\u00f6nnen jedoch einige Funktionen unserer Website zur <strong data-start=\"4864\" data-end=\"4888\">mobilen Datenrettung<\/strong> eingeschr\u00e4nkt sein.<\/p><p data-start=\"4708\" data-end=\"4908\">Der <strong data-start=\"1187\" data-end=\"1218\">Datenschutz RettedeineDaten<\/strong> stellt sicher, dass die durch Google Analytics erhobenen Daten DSGVO-konform verarbeitet werden.<\/p>\t\t\t\t\t\t\t\t<\/div>\n\t\t\t\t<\/div>\n\t\t\t\t\t<\/div>\n\t\t\t\t<\/div>\n\t\t<div class=\"elementor-element elementor-element-574ca10 e-flex e-con-boxed e-con e-parent\" data-id=\"574ca10\" data-element_type=\"container\" data-e-type=\"container\" data-settings=\"{&quot;background_background&quot;:&quot;classic&quot;}\">\n\t\t\t\t\t<div class=\"e-con-inner\">\n\t\t<div class=\"elementor-element elementor-element-13cc229 e-con-full e-flex e-con e-child\" data-id=\"13cc229\" data-element_type=\"container\" data-e-type=\"container\">\n\t\t\t\t<div class=\"elementor-element elementor-element-2032cf8 elementor-widget elementor-widget-heading\" data-id=\"2032cf8\" data-element_type=\"widget\" data-e-type=\"widget\" data-widget_type=\"heading.default\">\n\t\t\t\t\t<h4 class=\"elementor-heading-title elementor-size-default\">Verwendung von Google AdSense<\/h4>\t\t\t\t<\/div>\n\t\t\t\t<div class=\"elementor-element elementor-element-3447f1b elementor-widget elementor-widget-text-editor\" data-id=\"3447f1b\" data-element_type=\"widget\" data-e-type=\"widget\" data-widget_type=\"text-editor.default\">\n\t\t\t\t\t\t\t\t\t<p data-start=\"4949\" data-end=\"5124\">Unsere Website verwendet Google AdSense, um relevante Werbung anzuzeigen, insbesondere zu Themen wie <strong data-start=\"5050\" data-end=\"5121\">Smartphone-Datenwiederherstellung, Cloud-Backup und Dateisicherheit<\/strong>.<\/p><p data-start=\"5126\" data-end=\"5346\">Google AdSense verwendet Cookies und Web Beacons, um Informationen \u00fcber die Nutzung der Website zu sammeln und die Anzeigenleistung zu analysieren. Diese Informationen werden an Server von Google in den USA \u00fcbertragen.<\/p><p data-start=\"5348\" data-end=\"5548\">Sie k\u00f6nnen in Ihren Browser-Einstellungen festlegen, dass keine Cookies akzeptiert werden. Bitte beachten Sie, dass dann m\u00f6glicherweise nicht alle Funktionen dieser Website vollst\u00e4ndig nutzbar sind.<\/p><p data-start=\"5550\" data-end=\"5705\">Durch die Nutzung dieser Website erkl\u00e4ren Sie sich mit der Verarbeitung der \u00fcber Sie erhobenen Daten durch Google in der beschriebenen Weise einverstanden.<\/p><p data-start=\"5550\" data-end=\"5705\">\u00a0<\/p>\t\t\t\t\t\t\t\t<\/div>\n\t\t\t\t<\/div>\n\t\t\t\t\t<\/div>\n\t\t\t\t<\/div>\n\t\t\t\t<\/div>","protected":false},"excerpt":{"rendered":"<p>Impressum RettedeineDaten &amp; Datenschutzrichtlinien Impressum RettedeineDaten &amp; Datenschutzrichtlinien CONRAX UG (haftungsbeschr\u00e4nkt)R\u00fcmannstr. 3180804 M\u00fcnchen Vertreten durch: Conrax UGKontakt:E-Mail:\u00a0info@rettedeinedaten Registereintrag:Eintragung im Handelsregister.Registergericht: Amtsgericht M\u00fcnchenRegisternummer: HRB 248160 Haftungsausschluss Dieses Impressum RettedeineDaten informiert Sie \u00fcber die rechtlichen Angaben und Verantwortlichkeiten unserer Website.Alle rechtlichen Hinweise im Impressum RettedeineDaten gelten f\u00fcr s\u00e4mtliche Inhalte und Dienstleistungen unserer Plattform. Die Inhalte unserer Website [&hellip;]<\/p>\n","protected":false},"author":1,"featured_media":0,"parent":0,"menu_order":0,"comment_status":"closed","ping_status":"closed","template":"","meta":{"footnotes":""},"class_list":["post-408","page","type-page","status-publish","hentry"],"_links":{"self":[{"href":"https:\/\/rettedeinedaten.de\/en\/wp-json\/wp\/v2\/pages\/408","targetHints":{"allow":["GET"]}}],"collection":[{"href":"https:\/\/rettedeinedaten.de\/en\/wp-json\/wp\/v2\/pages"}],"about":[{"href":"https:\/\/rettedeinedaten.de\/en\/wp-json\/wp\/v2\/types\/page"}],"author":[{"embeddable":true,"href":"https:\/\/rettedeinedaten.de\/en\/wp-json\/wp\/v2\/users\/1"}],"replies":[{"embeddable":true,"href":"https:\/\/rettedeinedaten.de\/en\/wp-json\/wp\/v2\/comments?post=408"}],"version-history":[{"count":41,"href":"https:\/\/rettedeinedaten.de\/en\/wp-json\/wp\/v2\/pages\/408\/revisions"}],"predecessor-version":[{"id":4326,"href":"https:\/\/rettedeinedaten.de\/en\/wp-json\/wp\/v2\/pages\/408\/revisions\/4326"}],"wp:attachment":[{"href":"https:\/\/rettedeinedaten.de\/en\/wp-json\/wp\/v2\/media?parent=408"}],"curies":[{"name":"wp","href":"https:\/\/api.w.org\/{rel}","templated":true}]}}