{"id":424,"date":"2025-10-09T23:48:33","date_gmt":"2025-10-09T23:48:33","guid":{"rendered":"https:\/\/mobile.techcubewebs.org\/?page_id=424"},"modified":"2026-04-07T21:04:17","modified_gmt":"2026-04-07T21:04:17","slug":"widerruf","status":"publish","type":"page","link":"https:\/\/rettedeinedaten.de\/en\/widerruf\/","title":{"rendered":"Widerruf"},"content":{"rendered":"\t\t<div data-elementor-type=\"wp-page\" data-elementor-id=\"424\" class=\"elementor elementor-424\" data-elementor-post-type=\"page\">\n\t\t\t\t<div class=\"elementor-element elementor-element-baa9970 e-flex e-con-boxed e-con e-parent\" data-id=\"baa9970\" data-element_type=\"container\" data-e-type=\"container\" data-settings=\"{&quot;background_background&quot;:&quot;classic&quot;}\">\n\t\t\t\t\t<div class=\"e-con-inner\">\n\t\t\t\t<div class=\"elementor-element elementor-element-4230675 elementor-widget elementor-widget-heading\" data-id=\"4230675\" data-element_type=\"widget\" data-e-type=\"widget\" data-widget_type=\"heading.default\">\n\t\t\t\t\t<h1 class=\"elementor-heading-title elementor-size-default\">Widerrufsrecht Datenrettung \u2013 RettedeineDaten<\/h1>\t\t\t\t<\/div>\n\t\t\t\t<div class=\"elementor-element elementor-element-2e75329 elementor-widget elementor-widget-text-editor\" data-id=\"2e75329\" data-element_type=\"widget\" data-e-type=\"widget\" data-widget_type=\"text-editor.default\">\n\t\t\t\t\t\t\t\t\t<p>Als Verbraucher haben Sie das Recht, binnen 14 Tagen ohne Angabe von Gr\u00fcnden diesen Vertrag zu widerrufen. Die Widerrufsfrist betr\u00e4gt 14 Tage ab dem Tag des Vertragsabschlusses.<br data-start=\"422\" data-end=\"425\" \/>Bitte beachten Sie, dass das Widerrufsrecht bei bereits begonnenen oder abgeschlossenen <strong data-start=\"513\" data-end=\"540\">Datenrettungsleistungen<\/strong> erl\u00f6schen kann, sobald die Wiederherstellung Ihrer Daten gestartet wurde.<\/p><p>Weitere Informationen zum <strong data-start=\"889\" data-end=\"920\">Widerrufsrecht Datenrettung<\/strong> finden Sie in unseren Servicebedingungen.<\/p>\t\t\t\t\t\t\t\t<\/div>\n\t\t\t\t\t<\/div>\n\t\t\t\t<\/div>\n\t\t<div class=\"elementor-element elementor-element-9c05d4b e-flex e-con-boxed e-con e-parent\" data-id=\"9c05d4b\" data-element_type=\"container\" data-e-type=\"container\" data-settings=\"{&quot;background_background&quot;:&quot;classic&quot;}\">\n\t\t\t\t\t<div class=\"e-con-inner\">\n\t\t\t\t<div class=\"elementor-element elementor-element-a9d7563 elementor-widget elementor-widget-heading\" data-id=\"a9d7563\" data-element_type=\"widget\" data-e-type=\"widget\" data-widget_type=\"heading.default\">\n\t\t\t\t\t<h3 class=\"elementor-heading-title elementor-size-default\">Widerrufsbelehrung<\/h3>\t\t\t\t<\/div>\n\t\t\t\t<div class=\"elementor-element elementor-element-1f4c0a5 elementor-widget elementor-widget-text-editor\" data-id=\"1f4c0a5\" data-element_type=\"widget\" data-e-type=\"widget\" data-widget_type=\"text-editor.default\">\n\t\t\t\t\t\t\t\t\t<p data-start=\"457\" data-end=\"477\"><strong data-start=\"457\" data-end=\"475\">Widerrufsrecht<\/strong><\/p><p data-start=\"479\" data-end=\"649\">Sie haben das Recht, diesen Vertrag innerhalb von 14 Tagen ohne Angabe von Gr\u00fcnden zu widerrufen. Die Widerrufsfrist betr\u00e4gt 14 Tage ab dem Tag des Vertragsabschlusses.<\/p><p data-start=\"651\" data-end=\"713\">Um Ihr Widerrufsrecht auszu\u00fcben, m\u00fcssen Sie uns informieren:<\/p><p data-start=\"715\" data-end=\"807\"><strong data-start=\"715\" data-end=\"734\">RettedeineDaten<\/strong><br data-start=\"734\" data-end=\"737\" \/>[S\u00f6mmeringstr. 15, 50823 K\u00f6ln]<br data-start=\"757\" data-end=\"760\" \/>[Stadt, PLZ]<br data-start=\"772\" data-end=\"775\" \/>E-Mail: [info@rettedeinedaten.com]<\/p><p data-start=\"809\" data-end=\"1035\">mittels einer eindeutigen Erkl\u00e4rung (z.\u202fB. Brief, Fax oder E-Mail) \u00fcber Ihren Entschluss, diesen Vertrag zu widerrufen. Sie k\u00f6nnen daf\u00fcr das beigef\u00fcgte Muster-Widerrufsformular verwenden, das jedoch nicht vorgeschrieben ist.<\/p><p data-start=\"1037\" data-end=\"1186\">Zur Wahrung der Widerrufsfrist reicht es aus, dass Sie die Mitteilung \u00fcber die Aus\u00fcbung des Widerrufsrechts vor Ablauf der Widerrufsfrist absenden.<\/p>\t\t\t\t\t\t\t\t<\/div>\n\t\t\t\t\t<\/div>\n\t\t\t\t<\/div>\n\t\t<div class=\"elementor-element elementor-element-b462aca e-flex e-con-boxed e-con e-parent\" data-id=\"b462aca\" data-element_type=\"container\" data-e-type=\"container\" data-settings=\"{&quot;background_background&quot;:&quot;classic&quot;}\">\n\t\t\t\t\t<div class=\"e-con-inner\">\n\t\t\t\t<div class=\"elementor-element elementor-element-0b917eb elementor-widget elementor-widget-heading\" data-id=\"0b917eb\" data-element_type=\"widget\" data-e-type=\"widget\" data-widget_type=\"heading.default\">\n\t\t\t\t\t<h3 class=\"elementor-heading-title elementor-size-default\">\u00a0Folgen des Widerrufs<\/h3>\t\t\t\t<\/div>\n\t\t\t\t<div class=\"elementor-element elementor-element-f00c1a9 elementor-widget elementor-widget-text-editor\" data-id=\"f00c1a9\" data-element_type=\"widget\" data-e-type=\"widget\" data-widget_type=\"text-editor.default\">\n\t\t\t\t\t\t\t\t\t<p data-start=\"412\" data-end=\"852\">Wenn Sie diesen Vertrag widerrufen, erstatten wir Ihnen alle Zahlungen, die wir von Ihnen erhalten haben, einschlie\u00dflich Lieferkosten (mit Ausnahme zus\u00e4tzlicher Kosten, die sich daraus ergeben, dass Sie eine andere Art der Lieferung als die von uns angebotene, g\u00fcnstigste Standardlieferung gew\u00e4hlt haben), unverz\u00fcglich und sp\u00e4testens binnen 14 Tagen ab dem Tag, an dem wir Ihre Mitteilung \u00fcber den Widerruf dieses Vertrags erhalten haben.<\/p><p data-start=\"854\" data-end=\"1083\">Die R\u00fcckzahlung erfolgt mit demselben Zahlungsmittel, das Sie bei der urspr\u00fcnglichen Transaktion eingesetzt haben, es sei denn, es wurde ausdr\u00fccklich etwas anderes vereinbart. Ihnen entstehen durch die R\u00fcckzahlung keine Kosten.<\/p><p data-start=\"1085\" data-end=\"1448\">Haben Sie verlangt, dass die Dienstleistungen w\u00e4hrend der Widerrufsfrist beginnen, m\u00fcssen Sie uns einen angemessenen Betrag zahlen, der dem Anteil der bis zu dem Zeitpunkt, zu dem Sie uns \u00fcber die Aus\u00fcbung des Widerrufsrechts informieren, bereits erbrachten Dienstleistungen im Vergleich zum Gesamtumfang der im Vertrag vorgesehenen Dienstleistungen entspricht.<\/p><p data-start=\"1450\" data-end=\"1592\"><strong data-start=\"1453\" data-end=\"1465\">Hinweis:<\/strong> Weitere Informationen zum Widerrufsrecht Datenrettung finden Sie in unseren Verbraucherhinweisen und Servicebedingungen.<\/p>\t\t\t\t\t\t\t\t<\/div>\n\t\t\t\t\t<\/div>\n\t\t\t\t<\/div>\n\t\t<div class=\"elementor-element elementor-element-a4045c3 e-flex e-con-boxed e-con e-parent\" data-id=\"a4045c3\" data-element_type=\"container\" data-e-type=\"container\" data-settings=\"{&quot;background_background&quot;:&quot;classic&quot;}\">\n\t\t\t\t\t<div class=\"e-con-inner\">\n\t\t\t\t<div class=\"elementor-element elementor-element-2eaa47f elementor-widget elementor-widget-heading\" data-id=\"2eaa47f\" data-element_type=\"widget\" data-e-type=\"widget\" data-widget_type=\"heading.default\">\n\t\t\t\t\t<h3 class=\"elementor-heading-title elementor-size-default\">\u00a0Ausschluss oder Erl\u00f6schen des Widerrufsrechts<\/h3>\t\t\t\t<\/div>\n\t\t\t\t<div class=\"elementor-element elementor-element-f779bef elementor-widget elementor-widget-text-editor\" data-id=\"f779bef\" data-element_type=\"widget\" data-e-type=\"widget\" data-widget_type=\"text-editor.default\">\n\t\t\t\t\t\t\t\t\t<p data-start=\"408\" data-end=\"728\">Das Widerrufsrecht gilt nicht f\u00fcr Vertr\u00e4ge \u00fcber die Erbringung von Dienstleistungen im Bereich der <strong data-start=\"507\" data-end=\"531\">mobilen Datenrettung<\/strong>, wenn die Dienstleistung vollst\u00e4ndig w\u00e4hrend der Widerrufsfrist erbracht wird und Sie ausdr\u00fccklich zugestimmt haben, dass die Ausf\u00fchrung der Dienstleistung vor Ablauf der Widerrufsfrist beginnt.<\/p><p data-start=\"730\" data-end=\"853\">Sobald die Dienstleistung mit Ihrer ausdr\u00fccklichen Zustimmung vollst\u00e4ndig abgeschlossen ist, erlischt Ihr Widerrufsrecht.<\/p><p data-start=\"855\" data-end=\"1045\">Diese RettedeineDaten Widerrufsbelehrung informiert Verbraucher klar \u00fcber ihr Widerrufsrecht Datenrettung sowie \u00fcber die Bedingungen des Widerrufsrecht Verbraucher Vertrags.<\/p>\t\t\t\t\t\t\t\t<\/div>\n\t\t\t\t\t<\/div>\n\t\t\t\t<\/div>\n\t\t<div class=\"elementor-element elementor-element-f709958 e-flex e-con-boxed e-con e-parent\" data-id=\"f709958\" data-element_type=\"container\" data-e-type=\"container\" data-settings=\"{&quot;background_background&quot;:&quot;classic&quot;}\">\n\t\t\t\t\t<div class=\"e-con-inner\">\n\t\t\t\t<div class=\"elementor-element elementor-element-14829c2 elementor-widget elementor-widget-heading\" data-id=\"14829c2\" data-element_type=\"widget\" data-e-type=\"widget\" data-widget_type=\"heading.default\">\n\t\t\t\t\t<h3 class=\"elementor-heading-title elementor-size-default\">\u00a0Muster-Widerrufsformular<\/h3>\t\t\t\t<\/div>\n\t\t\t\t<div class=\"elementor-element elementor-element-23ccb38 elementor-widget elementor-widget-text-editor\" data-id=\"23ccb38\" data-element_type=\"widget\" data-e-type=\"widget\" data-widget_type=\"text-editor.default\">\n\t\t\t\t\t\t\t\t\t<p data-start=\"2806\" data-end=\"2908\">(Wenn Sie den Vertrag widerrufen wollen, f\u00fcllen Sie bitte dieses Formular aus und senden es zur\u00fcck.)<\/p><p data-start=\"2910\" data-end=\"3008\">An:<br data-start=\"2913\" data-end=\"2916\" \/><strong data-start=\"2916\" data-end=\"2935\">RettedeineDaten<\/strong><br data-start=\"2935\" data-end=\"2938\" \/>[S\u00f6mmeringstr. 15, 50823 K\u00f6ln]<br data-start=\"2958\" data-end=\"2961\" \/>[Stadt, PLZ]<br data-start=\"2973\" data-end=\"2976\" \/>E-Mail: [info@rettedeinedaten.com]<\/p><p data-start=\"3010\" data-end=\"3174\">Hiermit widerrufe(n) ich\/wir (<em data-start=\"3040\" data-end=\"3061\">) den von mir\/uns (<\/em>) abgeschlossenen Vertrag \u00fcber die Erbringung der folgenden Dienstleistung (*) ________________________________<\/p><p data-start=\"3176\" data-end=\"3257\">Bestellt am (<em data-start=\"3189\" data-end=\"3221\">)\/Dienstleistung begonnen am (<\/em>) ________________________________<\/p><p data-start=\"3259\" data-end=\"3537\">Name des\/der Verbraucher(s): ________________________________<br data-start=\"3320\" data-end=\"3323\" \/>Anschrift des\/der Verbraucher(s): ________________________________<br data-start=\"3389\" data-end=\"3392\" \/>Unterschrift des\/der Verbraucher(s) (nur bei Mitteilung auf Papier): ________________________________<br data-start=\"3493\" data-end=\"3496\" \/>Datum: ________________________________<\/p><p data-start=\"3539\" data-end=\"3570\">(*) Unzutreffendes streichen.<\/p>\t\t\t\t\t\t\t\t<\/div>\n\t\t\t\t\t<\/div>\n\t\t\t\t<\/div>\n\t\t\t\t<\/div>\n\t\t","protected":false},"excerpt":{"rendered":"<p>Widerrufsrecht Datenrettung \u2013 RettedeineDaten Als Verbraucher haben Sie das Recht, binnen 14 Tagen ohne Angabe von Gr\u00fcnden diesen Vertrag zu widerrufen. Die Widerrufsfrist betr\u00e4gt 14 Tage ab dem Tag des Vertragsabschlusses.Bitte beachten Sie, dass das Widerrufsrecht bei bereits begonnenen oder abgeschlossenen Datenrettungsleistungen erl\u00f6schen kann, sobald die Wiederherstellung Ihrer Daten gestartet wurde. Weitere Informationen zum Widerrufsrecht [&hellip;]<\/p>\n","protected":false},"author":1,"featured_media":0,"parent":0,"menu_order":0,"comment_status":"closed","ping_status":"closed","template":"","meta":{"footnotes":""},"class_list":["post-424","page","type-page","status-publish","hentry"],"_links":{"self":[{"href":"https:\/\/rettedeinedaten.de\/en\/wp-json\/wp\/v2\/pages\/424","targetHints":{"allow":["GET"]}}],"collection":[{"href":"https:\/\/rettedeinedaten.de\/en\/wp-json\/wp\/v2\/pages"}],"about":[{"href":"https:\/\/rettedeinedaten.de\/en\/wp-json\/wp\/v2\/types\/page"}],"author":[{"embeddable":true,"href":"https:\/\/rettedeinedaten.de\/en\/wp-json\/wp\/v2\/users\/1"}],"replies":[{"embeddable":true,"href":"https:\/\/rettedeinedaten.de\/en\/wp-json\/wp\/v2\/comments?post=424"}],"version-history":[{"count":36,"href":"https:\/\/rettedeinedaten.de\/en\/wp-json\/wp\/v2\/pages\/424\/revisions"}],"predecessor-version":[{"id":4463,"href":"https:\/\/rettedeinedaten.de\/en\/wp-json\/wp\/v2\/pages\/424\/revisions\/4463"}],"wp:attachment":[{"href":"https:\/\/rettedeinedaten.de\/en\/wp-json\/wp\/v2\/media?parent=424"}],"curies":[{"name":"wp","href":"https:\/\/api.w.org\/{rel}","templated":true}]}}