{"id":428,"date":"2025-10-10T00:14:36","date_gmt":"2025-10-10T00:14:36","guid":{"rendered":"https:\/\/mobile.techcubewebs.org\/?page_id=428"},"modified":"2026-04-07T21:04:25","modified_gmt":"2026-04-07T21:04:25","slug":"zahlung-versand","status":"publish","type":"page","link":"https:\/\/rettedeinedaten.de\/en\/zahlung-versand\/","title":{"rendered":"Zahlung &#038; Versand"},"content":{"rendered":"<div data-elementor-type=\"wp-page\" data-elementor-id=\"428\" class=\"elementor elementor-428\" data-elementor-post-type=\"page\">\n\t\t\t\t<div class=\"elementor-element elementor-element-a412784 e-flex e-con-boxed e-con e-parent\" data-id=\"a412784\" data-element_type=\"container\" data-e-type=\"container\" data-settings=\"{&quot;background_background&quot;:&quot;classic&quot;}\">\n\t\t\t\t\t<div class=\"e-con-inner\">\n\t\t\t\t<div class=\"elementor-element elementor-element-4e43032 elementor-widget elementor-widget-heading\" data-id=\"4e43032\" data-element_type=\"widget\" data-e-type=\"widget\" data-widget_type=\"heading.default\">\n\t\t\t\t\t<h1 class=\"elementor-heading-title elementor-size-default\">Versand- und Lieferinformationen<\/h1>\t\t\t\t<\/div>\n\t\t\t\t<div class=\"elementor-element elementor-element-07289e5 elementor-widget elementor-widget-heading\" data-id=\"07289e5\" data-element_type=\"widget\" data-e-type=\"widget\" data-widget_type=\"heading.default\">\n\t\t\t\t\t<h4 class=\"elementor-heading-title elementor-size-default\">Versandbedingungen<\/h4>\t\t\t\t<\/div>\n\t\t\t\t<div class=\"elementor-element elementor-element-233c154 elementor-widget elementor-widget-text-editor\" data-id=\"233c154\" data-element_type=\"widget\" data-e-type=\"widget\" data-widget_type=\"text-editor.default\">\n\t\t\t\t\t\t\t\t\t<ul><li data-start=\"280\" data-end=\"333\">Alle Sendungen erfolgen <strong data-start=\"304\" data-end=\"330\">innerhalb Deutschlands<\/strong>.<\/li><li data-start=\"334\" data-end=\"411\"><p data-start=\"336\" data-end=\"411\">Wir versenden \u00fcber <strong data-start=\"355\" data-end=\"362\">DHL<\/strong>, f\u00fcr eine schnelle und zuverl\u00e4ssige Lieferung.<\/p><\/li><li data-start=\"412\" data-end=\"484\"><p data-start=\"414\" data-end=\"484\"><strong data-start=\"414\" data-end=\"432\">Versandkosten:<\/strong> Es fallen <strong data-start=\"443\" data-end=\"466\">keine Versandkosten<\/strong> an, inkl. MwSt.<\/p><\/li><\/ul>\t\t\t\t\t\t\t\t<\/div>\n\t\t\t\t\t<\/div>\n\t\t\t\t<\/div>\n\t\t<div class=\"elementor-element elementor-element-88448d3 e-flex e-con-boxed e-con e-parent\" data-id=\"88448d3\" data-element_type=\"container\" data-e-type=\"container\" data-settings=\"{&quot;background_background&quot;:&quot;classic&quot;}\">\n\t\t\t\t\t<div class=\"e-con-inner\">\n\t\t\t\t<div class=\"elementor-element elementor-element-3c8aa8c elementor-widget elementor-widget-heading\" data-id=\"3c8aa8c\" data-element_type=\"widget\" data-e-type=\"widget\" data-widget_type=\"heading.default\">\n\t\t\t\t\t<h2 class=\"elementor-heading-title elementor-size-default\">Lieferzeiten<\/h2>\t\t\t\t<\/div>\n\t\t\t\t<div class=\"elementor-element elementor-element-6658356 elementor-widget elementor-widget-text-editor\" data-id=\"6658356\" data-element_type=\"widget\" data-e-type=\"widget\" data-widget_type=\"text-editor.default\">\n\t\t\t\t\t\t\t\t\t<p data-start=\"260\" data-end=\"428\">Sofern im Angebot nicht anders angegeben, erfolgt die Lieferung innerhalb Deutschlands 3\u20135 Tage nach Vertragsabschluss (bei Vorauszahlung nach Eingang Ihrer Zahlung).<\/p><p data-start=\"430\" data-end=\"472\">Keine Lieferung an Sonn- und Feiertagen.<\/p><p data-start=\"474\" data-end=\"707\">Bestellen Sie mehrere Artikel mit unterschiedlichen Lieferzeiten, versenden wir in der Regel alles in einer Sendung, sofern nichts anderes vereinbart wurde. Die Lieferzeit richtet sich nach dem Artikel mit der l\u00e4ngsten Lieferdauer.<\/p><p data-start=\"709\" data-end=\"1001\">Sobald Ihr iPhone oder Ger\u00e4t versendet wurde, liegt die Lieferzeit au\u00dferhalb unserer Kontrolle.<br data-start=\"804\" data-end=\"807\" \/>Bei ungew\u00f6hnlich langer Lieferzeit oder wenn die DHL-Sendungsverfolgung keine Aktualisierung zeigt, kontaktieren Sie uns bitte. Wir leiten dann eine Lieferzeitbeschwerde oder Untersuchung ein.<\/p><p data-start=\"1003\" data-end=\"1095\">Alle Sendungen sind bis zu 500 \u20ac versichert, vorausgesetzt das Paket ist korrekt verpackt.<\/p><p data-start=\"1097\" data-end=\"1189\">Hinweise zur sicheren Verpackung Ihres Ger\u00e4ts finden Sie auf der Bestellbest\u00e4tigungsseite.<\/p><p data-start=\"1191\" data-end=\"1430\">Wir legen gro\u00dfen Wert auf eine <strong data-start=\"1222\" data-end=\"1252\">sichere Handy Datenrettung<\/strong> und <strong data-start=\"1257\" data-end=\"1283\">zuverl\u00e4ssige Lieferung<\/strong>, damit Ihr Ger\u00e4t schnell und sicher bei Ihnen ankommt. Detaillierte <strong data-start=\"1352\" data-end=\"1388\">Versand- und Lieferinformationen<\/strong> finden Sie in unseren Servicehinweisen.<\/p>\t\t\t\t\t\t\t\t<\/div>\n\t\t\t\t\t<\/div>\n\t\t\t\t<\/div>\n\t\t<div class=\"elementor-element elementor-element-88749e5 e-flex e-con-boxed e-con e-parent\" data-id=\"88749e5\" data-element_type=\"container\" data-e-type=\"container\" data-settings=\"{&quot;background_background&quot;:&quot;classic&quot;}\">\n\t\t\t\t\t<div class=\"e-con-inner\">\n\t\t\t\t<div class=\"elementor-element elementor-element-c2066f0 elementor-widget elementor-widget-heading\" data-id=\"c2066f0\" data-element_type=\"widget\" data-e-type=\"widget\" data-widget_type=\"heading.default\">\n\t\t\t\t\t<h2 class=\"elementor-heading-title elementor-size-default\">Haftungshinweis<\/h2>\t\t\t\t<\/div>\n\t\t\t\t<div class=\"elementor-element elementor-element-ab501ad elementor-widget elementor-widget-text-editor\" data-id=\"ab501ad\" data-element_type=\"widget\" data-e-type=\"widget\" data-widget_type=\"text-editor.default\">\n\t\t\t\t\t\t\t\t\t<p data-start=\"1509\" data-end=\"1635\">Erreicht eine Sendung Sie versp\u00e4tet, \u00fcbernehmen wir <strong data-start=\"1561\" data-end=\"1578\">keine Haftung<\/strong> f\u00fcr Probleme, die durch ein fehlendes Ger\u00e4t entstehen.<\/p>\t\t\t\t\t\t\t\t<\/div>\n\t\t\t\t\t<\/div>\n\t\t\t\t<\/div>\n\t\t<div class=\"elementor-element elementor-element-1660b66 e-flex e-con-boxed e-con e-parent\" data-id=\"1660b66\" data-element_type=\"container\" data-e-type=\"container\" data-settings=\"{&quot;background_background&quot;:&quot;classic&quot;}\">\n\t\t\t\t\t<div class=\"e-con-inner\">\n\t\t\t\t<div class=\"elementor-element elementor-element-732d329 elementor-widget elementor-widget-heading\" data-id=\"732d329\" data-element_type=\"widget\" data-e-type=\"widget\" data-widget_type=\"heading.default\">\n\t\t\t\t\t<h2 class=\"elementor-heading-title elementor-size-default\">Zahlungsbedingungen<\/h2>\t\t\t\t<\/div>\n\t\t\t\t<div class=\"elementor-element elementor-element-7c100ec elementor-widget elementor-widget-text-editor\" data-id=\"7c100ec\" data-element_type=\"widget\" data-e-type=\"widget\" data-widget_type=\"text-editor.default\">\n\t\t\t\t\t\t\t\t\t<p data-start=\"1667\" data-end=\"1760\">Unsere sichere Handy Datenrettung wird erst nach Zahlungseingang bearbeitet, um einen reibungslosen Ablauf und eine zuverl\u00e4ssige Lieferung zu gew\u00e4hrleisten.<\/p><p data-start=\"1667\" data-end=\"1760\">F\u00fcr Lieferungen innerhalb Deutschlands stehen folgende Zahlungsm\u00f6glichkeiten zur Verf\u00fcgung:<\/p><ul data-start=\"1761\" data-end=\"1923\"><li data-start=\"1761\" data-end=\"1793\"><p data-start=\"1763\" data-end=\"1793\">Vorkasse per Bank\u00fcberweisung<\/p><\/li><li data-start=\"1794\" data-end=\"1821\"><p data-start=\"1796\" data-end=\"1821\">Zahlung per Kreditkarte<\/p><\/li><li data-start=\"1822\" data-end=\"1845\"><p data-start=\"1824\" data-end=\"1845\">Zahlung \u00fcber PayPal<\/p><\/li><li data-start=\"1846\" data-end=\"1864\"><p data-start=\"1848\" data-end=\"1864\">PayPal Express<\/p><\/li><li data-start=\"1865\" data-end=\"1912\"><p data-start=\"1867\" data-end=\"1912\">PayPal (Kreditkarte, Lastschrift, Rechnung)<\/p><\/li><li data-start=\"1913\" data-end=\"1923\"><p data-start=\"1915\" data-end=\"1923\">Sofort<\/p><\/li><\/ul><p data-start=\"1925\" data-end=\"2007\">F\u00fcr Lieferungen ins Ausland stehen folgende Zahlungsm\u00f6glichkeiten zur Verf\u00fcgung:<\/p><ul data-start=\"2008\" data-end=\"2123\"><li data-start=\"2008\" data-end=\"2040\"><p data-start=\"2010\" data-end=\"2040\">Vorkasse per Bank\u00fcberweisung<\/p><\/li><li data-start=\"2041\" data-end=\"2064\"><p data-start=\"2043\" data-end=\"2064\">Zahlung \u00fcber PayPal<\/p><\/li><li data-start=\"2065\" data-end=\"2112\"><p data-start=\"2067\" data-end=\"2112\">PayPal (Kreditkarte, Lastschrift, Rechnung)<\/p><\/li><li data-start=\"2113\" data-end=\"2123\"><p data-start=\"2115\" data-end=\"2123\">Sofort<\/p><\/li><\/ul><p data-start=\"2125\" data-end=\"2153\"><strong data-start=\"2125\" data-end=\"2151\">Weitere Informationen:<\/strong><\/p><ul data-start=\"2154\" data-end=\"2299\"><li data-start=\"2154\" data-end=\"2235\"><p data-start=\"2156\" data-end=\"2235\">Bei Zahlung per Kreditkarte wird Ihr Konto <strong data-start=\"2199\" data-end=\"2232\">bei Versand der Ware belastet<\/strong>.<\/p><\/li><li data-start=\"2236\" data-end=\"2299\"><p data-start=\"2238\" data-end=\"2299\">Bei Fragen finden Sie unsere <strong data-start=\"2267\" data-end=\"2296\">Kontaktdaten im Impressum<\/strong>.<\/p><\/li><\/ul>\t\t\t\t\t\t\t\t<\/div>\n\t\t\t\t\t<\/div>\n\t\t\t\t<\/div>\n\t\t\t\t<\/div>","protected":false},"excerpt":{"rendered":"<p>Versand- und Lieferinformationen Versandbedingungen Alle Sendungen erfolgen innerhalb Deutschlands. Wir versenden \u00fcber DHL, f\u00fcr eine schnelle und zuverl\u00e4ssige Lieferung. Versandkosten: Es fallen keine Versandkosten an, inkl. MwSt. Lieferzeiten Sofern im Angebot nicht anders angegeben, erfolgt die Lieferung innerhalb Deutschlands 3\u20135 Tage nach Vertragsabschluss (bei Vorauszahlung nach Eingang Ihrer Zahlung). Keine Lieferung an Sonn- und Feiertagen. [&hellip;]<\/p>\n","protected":false},"author":1,"featured_media":0,"parent":0,"menu_order":0,"comment_status":"closed","ping_status":"closed","template":"","meta":{"footnotes":""},"class_list":["post-428","page","type-page","status-publish","hentry"],"_links":{"self":[{"href":"https:\/\/rettedeinedaten.de\/en\/wp-json\/wp\/v2\/pages\/428","targetHints":{"allow":["GET"]}}],"collection":[{"href":"https:\/\/rettedeinedaten.de\/en\/wp-json\/wp\/v2\/pages"}],"about":[{"href":"https:\/\/rettedeinedaten.de\/en\/wp-json\/wp\/v2\/types\/page"}],"author":[{"embeddable":true,"href":"https:\/\/rettedeinedaten.de\/en\/wp-json\/wp\/v2\/users\/1"}],"replies":[{"embeddable":true,"href":"https:\/\/rettedeinedaten.de\/en\/wp-json\/wp\/v2\/comments?post=428"}],"version-history":[{"count":27,"href":"https:\/\/rettedeinedaten.de\/en\/wp-json\/wp\/v2\/pages\/428\/revisions"}],"predecessor-version":[{"id":4464,"href":"https:\/\/rettedeinedaten.de\/en\/wp-json\/wp\/v2\/pages\/428\/revisions\/4464"}],"wp:attachment":[{"href":"https:\/\/rettedeinedaten.de\/en\/wp-json\/wp\/v2\/media?parent=428"}],"curies":[{"name":"wp","href":"https:\/\/api.w.org\/{rel}","templated":true}]}}